{"id":69,"date":"2010-07-28T19:42:36","date_gmt":"2010-07-28T19:42:36","guid":{"rendered":"http:\/\/spoldzielniastargard.pl\/?page_id=69"},"modified":"2010-07-28T19:42:36","modified_gmt":"2010-07-28T19:42:36","slug":"historia","status":"publish","type":"page","link":"https:\/\/spoldzielniastargard.pl\/?page_id=69","title":{"rendered":"Historia"},"content":{"rendered":"<p>W dniu 19 pa\u017adziernika 1959 r. odby\u0142o si\u0119 pierwsze Walne  Zebranie Za\u0142o\u017cycielskie, na kt\u00f3rym dziesi\u0119ciu za\u0142o\u017cycieli podpisa\u0142o  pierwszy statut, ustalono nazw\u0119 Sp\u00f3\u0142dzielni &#8211; Sp\u00f3\u0142dzielnia Mieszkaniowa  &#8222;\u015awit&#8221;, oraz dokonano wyboru Rady Nadzorczej i Zarz\u0105du Sp\u00f3\u0142dzielni, w  wyniku kt\u00f3rego pierwszym Przewodnicz\u0105cym Zarz\u0105du zosta\u0142 Pan Jan  St\u0119pi\u0144ski, kt\u00f3ry by\u0142 jednym z inicjator\u00f3w powo\u0142ania Sp\u00f3\u0142dzielni.<\/p>\n<p>Sp\u00f3\u0142dzielnia zosta\u0142a zarejestrowana w S\u0105dzie Powiatowym w Szczecinie w dniu 28.12.1959 r. pod numerem RS-1479.<\/p>\n<p>Swoj\u0105 dzia\u0142alno\u015b\u0107 Sp\u00f3\u0142dzielnia rozpoczyna w 1960 r.  przy stanie 20 cz\u0142onk\u00f3w i zatrudnieniu w ilo\u015bci 1 etatu, planuj\u0105c na  lata 1960-1962 budow\u0119 trzech budynk\u00f3w z 60 mieszkaniami (po 20 mieszka\u0144 w  ka\u017cdym budynku) i oddaj\u0105c do eksploatacji pierwszy budynek przy ul.  Z\u0142otnik\u00f3w 3 w dniu 30 listopada 1961 r.<\/p>\n<p>Od tego czasu nast\u0119puje przyspieszony rozw\u00f3j  sp\u00f3\u0142dzielczego budownictwa mieszkaniowego, powstaj\u0105 nowe domy i ca\u0142e  osiedla mieszkaniowe, a stan ilo\u015bciowy zasob\u00f3w przedstawia si\u0119 jak  ni\u017cej:<\/p>\n<ul>\n<li>rok 1961 &#8211; 39 mieszka\u0144<\/li>\n<li>rok 1965 &#8211; 203 mieszka\u0144<\/li>\n<li>rok 1970 &#8211; 1612 mieszka\u0144<\/li>\n<li>rok 1975 &#8211; 2260 mieszka\u0144<\/li>\n<li>rok 1980 &#8211; 4985 mieszka\u0144<\/li>\n<li>rok 1985 &#8211; 6010 mieszka\u0144<\/li>\n<li>rok 1988 &#8211; 7704 mieszka\u0144<\/li>\n<\/ul>\n<p>Do szczeg\u00f3lnych wydarze\u0144 mo\u017cna zaliczy\u0107 Nadzwyczajne  Zebranie Przedstawicieli w 1968 r., w wyniku kt\u00f3rego w dniu 15.12.1968  r. nast\u0105pi\u0142o po\u0142\u0105czenie Sp\u00f3\u0142dzielni Mieszkaniowej &#8222;Kolejarz&#8221; w  Stargardzie Szczeci\u0144skim z Powiatow\u0105 Sp\u00f3\u0142dzielni\u0105 Mieszkaniow\u0105 &#8222;\u015awit&#8221; w  Stargardzie Szczeci\u0144skim.<\/p>\n<p>Po po\u0142\u0105czeniu Sp\u00f3\u0142dzielnia pozosta\u0142a przy nazwie  Powiatowa Sp\u00f3\u0142dzielnia Mieszkaniowa &#8222;\u015awit&#8221; w Stargardzie Szczeci\u0144skim.  S\u0105d Powiatowy w Szczecinie wyda\u0142 w dniu 30.01.1969 r. postanowienie w  sprawie wpisania po\u0142\u0105czenia si\u0119 Sp\u00f3\u0142dzielni i zmiany statutu. (syg. akt.  s.4\/69 RS 1547).<\/p>\n","protected":false},"excerpt":{"rendered":"<p>W dniu 19 pa\u017adziernika 1959 r. odby\u0142o si\u0119 pierwsze Walne Zebranie Za\u0142o\u017cycielskie, na kt\u00f3rym dziesi\u0119ciu za\u0142o\u017cycieli podpisa\u0142o pierwszy statut, ustalono nazw\u0119 Sp\u00f3\u0142dzielni &#8211; Sp\u00f3\u0142dzielnia Mieszkaniowa &#8222;\u015awit&#8221;, oraz dokonano wyboru Rady Nadzorczej i Zarz\u0105du Sp\u00f3\u0142dzielni, w wyniku kt\u00f3rego pierwszym Przewodnicz\u0105cym Zarz\u0105du zosta\u0142 Pan Jan St\u0119pi\u0144ski, kt\u00f3ry by\u0142 jednym z inicjator\u00f3w powo\u0142ania Sp\u00f3\u0142dzielni. Sp\u00f3\u0142dzielnia zosta\u0142a zarejestrowana w [&hellip;]<\/p>\n","protected":false},"author":1,"featured_media":0,"parent":62,"menu_order":0,"comment_status":"closed","ping_status":"open","template":"","meta":{"footnotes":""},"class_list":["post-69","page","type-page","status-publish","hentry"],"_links":{"self":[{"href":"https:\/\/spoldzielniastargard.pl\/index.php?rest_route=\/wp\/v2\/pages\/69","targetHints":{"allow":["GET"]}}],"collection":[{"href":"https:\/\/spoldzielniastargard.pl\/index.php?rest_route=\/wp\/v2\/pages"}],"about":[{"href":"https:\/\/spoldzielniastargard.pl\/index.php?rest_route=\/wp\/v2\/types\/page"}],"author":[{"embeddable":true,"href":"https:\/\/spoldzielniastargard.pl\/index.php?rest_route=\/wp\/v2\/users\/1"}],"replies":[{"embeddable":true,"href":"https:\/\/spoldzielniastargard.pl\/index.php?rest_route=%2Fwp%2Fv2%2Fcomments&post=69"}],"version-history":[{"count":0,"href":"https:\/\/spoldzielniastargard.pl\/index.php?rest_route=\/wp\/v2\/pages\/69\/revisions"}],"up":[{"embeddable":true,"href":"https:\/\/spoldzielniastargard.pl\/index.php?rest_route=\/wp\/v2\/pages\/62"}],"wp:attachment":[{"href":"https:\/\/spoldzielniastargard.pl\/index.php?rest_route=%2Fwp%2Fv2%2Fmedia&parent=69"}],"curies":[{"name":"wp","href":"https:\/\/api.w.org\/{rel}","templated":true}]}}