{"id":220,"date":"2010-07-28T23:16:14","date_gmt":"2010-07-28T23:16:14","guid":{"rendered":"http:\/\/spoldzielniastargard.pl\/?page_id=220"},"modified":"2024-02-23T10:41:16","modified_gmt":"2024-02-23T09:41:16","slug":"plan-remontow","status":"publish","type":"page","link":"https:\/\/spoldzielniastargard.pl\/?page_id=220","title":{"rendered":"Plan remont\u00f3w"},"content":{"rendered":"<p><a href=\"https:\/\/spoldzielniastargard.pl\/wp-content\/uploads\/2024\/02\/OSM_plan-remontow-2024.xls\">OSM_plan remont\u00f3w 2024<\/a><\/p>\n<p><a href=\"https:\/\/spoldzielniastargard.pl\/wp-content\/uploads\/2023\/08\/OSM_plan-remontow-na-strone-internetowa_2023.xls\">OSM_plan remont\u00f3w na stron\u0119 internetow\u0105_2023<\/a><\/p>\n<p><a href=\"https:\/\/spoldzielniastargard.pl\/wp-content\/uploads\/2023\/02\/OSM_WYKONANIE-PLANU-REMONTOW-NA-31.12.2022.pdf\">OSM_WYKONANIE PLANU REMONT\u00d3W NA 31.12.2022<\/a><\/p>\n<p><a href=\"https:\/\/spoldzielniastargard.pl\/wp-content\/uploads\/2022\/09\/OSM-plan-remontow-2022.pdf\">OSM plan remont\u00f3w 2022<\/a><\/p>\n<p><a href=\"https:\/\/spoldzielniastargard.pl\/wp-content\/uploads\/2022\/04\/OSM_WYKONANIE-PLANU-REMONTOW-NA-31.12.2021.pdf\">WYKONANIE PLANU REMONT\u00d3W NA 31.12.2021<\/a><\/p>\n<p><a href=\"https:\/\/spoldzielniastargard.pl\/wp-content\/uploads\/2021\/12\/OSM_plan-remontow-na-20211.pdf\">OSM_plan remont\u00f3w na 2021<\/a><\/p>\n<p><a href=\"https:\/\/spoldzielniastargard.pl\/wp-content\/uploads\/2021\/05\/OSM_WYKONANIE-PLANU-REMONTOW-NA-31.12.2020.pdf\">OSM_WYKONANIE PLANU REMONT\u00d3W NA 31.12.2020<\/a><\/p>\n<p><a href=\"https:\/\/spoldzielniastargard.pl\/wp-content\/uploads\/2021\/05\/OSM_plan-remontow-na-strone-internetowa_2020.xls\">OSM_plan remont\u00f3w_2020<\/a><\/p>\n<p><a href=\"https:\/\/spoldzielniastargard.pl\/wp-content\/uploads\/2021\/05\/OSM_WYKONANIE-PLANU-REMONTOW-NA-31.12.2019.xls\">OSM_WYKONANIE PLANU REMONT\u00d3W NA 31.12.2019<\/a><\/p>\n<p><a href=\"https:\/\/spoldzielniastargard.pl\/wp-content\/uploads\/2019\/04\/plan-remont\u00f3w-2019.pdf\">plan remont\u00f3w 2019<\/a><\/p>\n<p><a href=\"https:\/\/spoldzielniastargard.pl\/wp-content\/uploads\/2021\/05\/OSM_WYKONANIE-PLANU-REMONTOW-NA-31.12.2018.xls\">OSM_WYKONANIE PLANU REMONT\u00d3W NA 31.12.2018<\/a><\/p>\n<p><a href=\"https:\/\/spoldzielniastargard.pl\/wp-content\/uploads\/2010\/07\/OSM_plan-na-2018.pdf\">OSM_plan na 2018<\/a><\/p>\n<p><a href=\"https:\/\/spoldzielniastargard.pl\/wp-content\/uploads\/2010\/07\/Realizacja-planu-remont\u00f3w-Osiedla-Stare-Miasto-na-31.12.2017r..pdf\">Realizacja planu remont\u00f3w Osiedla Stare Miasto na 31.12.2017r.<\/a><\/p>\n<p><a href=\"https:\/\/spoldzielniastargard.pl\/wp-content\/uploads\/2010\/07\/PLAN-REMONT\u00d3W-OSIEDLA-STARE-MIASTO_2017-ROK.pdf\">PLAN REMONT\u00d3W OSIEDLA STARE MIASTO_2017 ROK<\/a><\/p>\n<p><a href=\"https:\/\/spoldzielniastargard.pl\/wp-content\/uploads\/2010\/07\/OSM_WYKONANIE-PLANU-REMONT\u00d3W-NA-31.12.2016.pdf\">OSM_WYKONANIE PLANU REMONT\u00d3W NA 31.12.2016<\/a><\/p>\n<p><a href=\"https:\/\/spoldzielniastargard.pl\/wp-content\/uploads\/2010\/07\/OSM_WYKONANIE-PLANU-REMONT\u00d3W-NA-31.12.2015.pdf\">OSM_WYKONANIE PLANU REMONT\u00d3W NA 31.12.2015<\/a><\/p>\n<p><a href=\"https:\/\/spoldzielniastargard.pl\/wp-content\/uploads\/2010\/07\/OSM_WYKONANIE-PLANU-REMONT\u00d3W-NA-31.12.2014.pdf\">OSM_WYKONANIE PLANU REMONT\u00d3W NA 31.12.2014<\/a><\/p>\n<p><a href=\"https:\/\/spoldzielniastargard.pl\/wp-content\/uploads\/2010\/07\/PLAN-REMONT\u00d3W-OSIEDLA-STARE-MIASTO-NA-ROK-2014.pdf\">PLAN REMONT\u00d3W OSIEDLA STARE MIASTO NA ROK 2014<\/a><\/p>\n<p><a href=\"https:\/\/spoldzielniastargard.pl\/wp-content\/uploads\/2010\/07\/PLAN-REMONT\u00d3W-OSIEDLA-STARE-MIASTO-NA-ROK-2013-II-kwarta\u0142.pdf\">PLAN REMONT\u00d3W OSIEDLA STARE MIASTO NA ROK 2013 &#8211; II kwarta\u0142<\/a><\/p>\n<p><a href=\"https:\/\/spoldzielniastargard.pl\/wp-content\/uploads\/2010\/07\/wykonanie-PLAN-REMONT\u00d3W-OSIEDLA-STARE-MIASTO-NA-ROK-2013.pdf\">wykonanie &#8211; PLAN REMONT\u00d3W OSIEDLA STARE MIASTO NA ROK 2013<\/a><\/p>\n<p><a href=\"https:\/\/spoldzielniastargard.pl\/wp-content\/uploads\/2010\/07\/PLAN-REMONT\u00d3W-OSIEDLA-STARE-MIASTO-NA-ROK-2013-I-kwarta\u0142.pdf\">PLAN REMONT\u00d3W OSIEDLA STARE MIASTO NA ROK 2013 I kwarta\u0142<\/a><\/p>\n<p><a href=\"https:\/\/spoldzielniastargard.pl\/wp-content\/uploads\/2010\/07\/Wykonanie-remont\u00f3w-2012.pdf\">Wykonanie planu remont\u00f3w w 2012 roku.<\/a><\/p>\n<p><strong><a href=\"https:\/\/spoldzielniastargard.pl\/wp-content\/uploads\/2010\/07\/Plan-Remonty-Osiedle-Stare-Miasto-2012-I-kwarta\u0142.pdf\">Plan-Remonty Osiedle Stare Miasto 2012- I kwarta\u0142<\/a><\/strong><\/p>\n<p><strong><a href=\"https:\/\/spoldzielniastargard.pl\/wp-content\/uploads\/2010\/07\/WYKONANIE-PLANU-REMONT\u00d3W-2012.pdf\">WYKONANIE PLANU REMONT\u00d3W 2012<\/a>r.<\/strong><\/p>\n<p><strong><a href=\"https:\/\/spoldzielniastargard.pl\/wp-content\/uploads\/2010\/07\/WYKONANIE-PLANU-REMONT\u00d3W-2011.pdf\">WYKONANIE PLANU REMONT\u00d3W 2011<\/a>r.<\/strong><\/p>\n<p><a href=\"https:\/\/spoldzielniastargard.pl\/wp-content\/uploads\/2010\/07\/PLAN-REMONTOWY-2011.xls\"><strong>PLAN REMONTOWY dla Osiedla Stare Miasto 2011<\/strong><\/a><\/p>\n<p><a href=\"https:\/\/spoldzielniastargard.pl\/wp-content\/uploads\/2010\/07\/Wykonanie-planu-rem.-2010.xls\"><strong>Wykonanie planu remont\u00f3w na rok 2010 dla Osiedla Stare Miasto<\/strong><\/a><\/p>\n<p><a href=\"https:\/\/spoldzielniastargard.pl\/wp-content\/uploads\/2010\/07\/stare_miasto-2010-plan_remontow.pdf\"><strong>Plan remont\u00f3w na rok 2010 dla Osiedla Stare Miasto<\/strong><\/a><\/p>\n","protected":false},"excerpt":{"rendered":"<p>OSM_plan remont\u00f3w 2024 OSM_plan remont\u00f3w na stron\u0119 internetow\u0105_2023 OSM_WYKONANIE PLANU REMONT\u00d3W NA 31.12.2022 OSM plan remont\u00f3w 2022 WYKONANIE PLANU REMONT\u00d3W NA 31.12.2021 OSM_plan remont\u00f3w na 2021 OSM_WYKONANIE PLANU REMONT\u00d3W NA 31.12.2020 OSM_plan remont\u00f3w_2020 OSM_WYKONANIE PLANU REMONT\u00d3W NA 31.12.2019 plan remont\u00f3w 2019 OSM_WYKONANIE PLANU REMONT\u00d3W NA 31.12.2018 OSM_plan na 2018 Realizacja planu remont\u00f3w Osiedla Stare Miasto [&hellip;]<\/p>\n","protected":false},"author":1,"featured_media":0,"parent":212,"menu_order":0,"comment_status":"closed","ping_status":"open","template":"","meta":{"footnotes":""},"class_list":["post-220","page","type-page","status-publish","hentry"],"_links":{"self":[{"href":"https:\/\/spoldzielniastargard.pl\/index.php?rest_route=\/wp\/v2\/pages\/220","targetHints":{"allow":["GET"]}}],"collection":[{"href":"https:\/\/spoldzielniastargard.pl\/index.php?rest_route=\/wp\/v2\/pages"}],"about":[{"href":"https:\/\/spoldzielniastargard.pl\/index.php?rest_route=\/wp\/v2\/types\/page"}],"author":[{"embeddable":true,"href":"https:\/\/spoldzielniastargard.pl\/index.php?rest_route=\/wp\/v2\/users\/1"}],"replies":[{"embeddable":true,"href":"https:\/\/spoldzielniastargard.pl\/index.php?rest_route=%2Fwp%2Fv2%2Fcomments&post=220"}],"version-history":[{"count":20,"href":"https:\/\/spoldzielniastargard.pl\/index.php?rest_route=\/wp\/v2\/pages\/220\/revisions"}],"predecessor-version":[{"id":14204,"href":"https:\/\/spoldzielniastargard.pl\/index.php?rest_route=\/wp\/v2\/pages\/220\/revisions\/14204"}],"up":[{"embeddable":true,"href":"https:\/\/spoldzielniastargard.pl\/index.php?rest_route=\/wp\/v2\/pages\/212"}],"wp:attachment":[{"href":"https:\/\/spoldzielniastargard.pl\/index.php?rest_route=%2Fwp%2Fv2%2Fmedia&parent=220"}],"curies":[{"name":"wp","href":"https:\/\/api.w.org\/{rel}","templated":true}]}}