{"id":218,"date":"2010-07-28T23:15:42","date_gmt":"2010-07-28T23:15:42","guid":{"rendered":"http:\/\/spoldzielniastargard.pl\/?page_id=218"},"modified":"2010-09-16T13:52:34","modified_gmt":"2010-09-16T13:52:34","slug":"zasoby","status":"publish","type":"page","link":"https:\/\/spoldzielniastargard.pl\/?page_id=218","title":{"rendered":"Zasoby"},"content":{"rendered":"<p><strong>Zasoby Osiedla Stare Miasto<\/strong><\/p>\n<p>Powierzchnia zasob\u00f3w 146 345,04 m2<\/p>\n<p>Ilo\u015b\u0107 budynk\u00f3w 73 budynki oraz 1 Wsp\u00f3lnota Mieszkaniowa<\/p>\n<p>Ilo\u015b\u0107 mieszka\u0144 3027<\/p>\n<p>Powierzchnia lokali u\u017cytkowych 4 161,09 m2<\/p>\n<p>Powierzchnia gara\u017cy 1 386,27 m2<\/p>\n<p>Ilo\u015b\u0107 mieszka\u0144c\u00f3w 6973<\/p>\n<p><a href=\"https:\/\/spoldzielniastargard.pl\/wp-content\/uploads\/2010\/07\/Powierzchnia-Stare-Miasto.pdf\">Osiedle Stare Miasto &#8211; Powierzchnie budynk\u00f3w<\/a><\/p>\n","protected":false},"excerpt":{"rendered":"<p>Zasoby Osiedla Stare Miasto Powierzchnia zasob\u00f3w 146 345,04 m2 Ilo\u015b\u0107 budynk\u00f3w 73 budynki oraz 1 Wsp\u00f3lnota Mieszkaniowa Ilo\u015b\u0107 mieszka\u0144 3027 Powierzchnia lokali u\u017cytkowych 4 161,09 m2 Powierzchnia gara\u017cy 1 386,27 m2 Ilo\u015b\u0107 mieszka\u0144c\u00f3w 6973 Osiedle Stare Miasto &#8211; Powierzchnie budynk\u00f3w<\/p>\n","protected":false},"author":1,"featured_media":0,"parent":212,"menu_order":0,"comment_status":"closed","ping_status":"open","template":"","meta":{"footnotes":""},"class_list":["post-218","page","type-page","status-publish","hentry"],"_links":{"self":[{"href":"https:\/\/spoldzielniastargard.pl\/index.php?rest_route=\/wp\/v2\/pages\/218","targetHints":{"allow":["GET"]}}],"collection":[{"href":"https:\/\/spoldzielniastargard.pl\/index.php?rest_route=\/wp\/v2\/pages"}],"about":[{"href":"https:\/\/spoldzielniastargard.pl\/index.php?rest_route=\/wp\/v2\/types\/page"}],"author":[{"embeddable":true,"href":"https:\/\/spoldzielniastargard.pl\/index.php?rest_route=\/wp\/v2\/users\/1"}],"replies":[{"embeddable":true,"href":"https:\/\/spoldzielniastargard.pl\/index.php?rest_route=%2Fwp%2Fv2%2Fcomments&post=218"}],"version-history":[{"count":0,"href":"https:\/\/spoldzielniastargard.pl\/index.php?rest_route=\/wp\/v2\/pages\/218\/revisions"}],"up":[{"embeddable":true,"href":"https:\/\/spoldzielniastargard.pl\/index.php?rest_route=\/wp\/v2\/pages\/212"}],"wp:attachment":[{"href":"https:\/\/spoldzielniastargard.pl\/index.php?rest_route=%2Fwp%2Fv2%2Fmedia&parent=218"}],"curies":[{"name":"wp","href":"https:\/\/api.w.org\/{rel}","templated":true}]}}