{"id":200,"date":"2010-07-28T23:12:02","date_gmt":"2010-07-28T23:12:02","guid":{"rendered":"http:\/\/spoldzielniastargard.pl\/?page_id=200"},"modified":"2014-01-24T10:35:48","modified_gmt":"2014-01-24T10:35:48","slug":"numery-telefonow","status":"publish","type":"page","link":"https:\/\/spoldzielniastargard.pl\/?page_id=200","title":{"rendered":"Numery telefon\u00f3w"},"content":{"rendered":"<p><b>Godziny pracy Administracji<\/b><\/p>\n<p><strong>poniedzia\u0142ek, wtorek, \u015broda, pi\u0105tek w godz. <\/strong><strong>od 7<sup>00<\/sup> do 15<sup>00,\u00a0<\/sup> czwartek\u00a0 w godz. <\/strong><strong>od 8<sup>00<\/sup> do 16<sup>00<\/sup><\/strong><br \/>\n<strong>Wa\u017cne numery telefon\u00f3w<\/strong><b><br \/>\n<\/b>Pogotowie awaryjne <b>(91) 573 43 51<\/b>,<\/p>\n<p>kom. <b>509 339\u00a0639<\/b> (poza godzinami pracy Administracji)<\/p>\n<p><strong>Inne<\/strong><b><br \/>\n<\/b>TV Vectra Infolinia <b>801 08 01 80<\/b>, z tel. kom. <b>587 426\u00a0700<\/b><\/p>\n<p>Multimedia Infolinia <b>244\u00a0244 244<\/b><\/p>\n<p>UPC Infolinia <strong>801 94 94 80<\/strong><strong> <\/strong><strong>,<\/strong><strong> z tel. kom. <\/strong><strong>32 4 94 94 80<\/strong><strong> <\/strong><br \/>\nPogotowie wodno-kanalizacyjne <b>(91) 578 35 80<\/b><\/p>\n<p>Policja <strong>997<\/strong> lub z tel. kom\u00f3rkowego <b>112.<\/b><\/p>\n<p>Pogotowie gazowe <b>992<br \/>\n<\/b>Pogotowie cieplne <b>993<\/b><br \/>\nStra\u017c Miejska <b>986<\/b><br \/>\nStra\u017c Po\u017carna <strong>998<\/strong><\/p>\n","protected":false},"excerpt":{"rendered":"<p>Godziny pracy Administracji poniedzia\u0142ek, wtorek, \u015broda, pi\u0105tek w godz. od 700 do 1500,\u00a0 czwartek\u00a0 w godz. od 800 do 1600 Wa\u017cne numery telefon\u00f3w Pogotowie awaryjne (91) 573 43 51, kom. 509 339\u00a0639 (poza godzinami pracy Administracji) Inne TV Vectra Infolinia 801 08 01 80, z tel. kom. 587 426\u00a0700 Multimedia Infolinia 244\u00a0244 244 UPC Infolinia [&hellip;]<\/p>\n","protected":false},"author":1,"featured_media":0,"parent":198,"menu_order":0,"comment_status":"closed","ping_status":"open","template":"","meta":{"footnotes":""},"class_list":["post-200","page","type-page","status-publish","hentry"],"_links":{"self":[{"href":"https:\/\/spoldzielniastargard.pl\/index.php?rest_route=\/wp\/v2\/pages\/200","targetHints":{"allow":["GET"]}}],"collection":[{"href":"https:\/\/spoldzielniastargard.pl\/index.php?rest_route=\/wp\/v2\/pages"}],"about":[{"href":"https:\/\/spoldzielniastargard.pl\/index.php?rest_route=\/wp\/v2\/types\/page"}],"author":[{"embeddable":true,"href":"https:\/\/spoldzielniastargard.pl\/index.php?rest_route=\/wp\/v2\/users\/1"}],"replies":[{"embeddable":true,"href":"https:\/\/spoldzielniastargard.pl\/index.php?rest_route=%2Fwp%2Fv2%2Fcomments&post=200"}],"version-history":[{"count":0,"href":"https:\/\/spoldzielniastargard.pl\/index.php?rest_route=\/wp\/v2\/pages\/200\/revisions"}],"up":[{"embeddable":true,"href":"https:\/\/spoldzielniastargard.pl\/index.php?rest_route=\/wp\/v2\/pages\/198"}],"wp:attachment":[{"href":"https:\/\/spoldzielniastargard.pl\/index.php?rest_route=%2Fwp%2Fv2%2Fmedia&parent=200"}],"curies":[{"name":"wp","href":"https:\/\/api.w.org\/{rel}","templated":true}]}}