{"id":190,"date":"2010-07-28T23:09:57","date_gmt":"2010-07-28T23:09:57","guid":{"rendered":"http:\/\/spoldzielniastargard.pl\/?page_id=190"},"modified":"2010-09-16T14:22:39","modified_gmt":"2010-09-16T14:22:39","slug":"zasoby","status":"publish","type":"page","link":"https:\/\/spoldzielniastargard.pl\/?page_id=190","title":{"rendered":"Zasoby"},"content":{"rendered":"<p>Zasoby Osiedla Letnie<br \/>\nIlo\u015b\u0107 budynk\u00f3w 19<br \/>\nIlo\u015b\u0107 lokali u\u017cytkowych 2<br \/>\nIlo\u015b\u0107 mieszka\u0144 602<br \/>\nIlo\u015b\u0107 mieszka\u0144c\u00f3w 1 825<br \/>\nPowierzchnia mieszka\u0144 34 648,43 m2<br \/>\nPowierzchnia lokali u\u017cytkowych 1 899,41 m2<\/p>\n<p><a href=\"https:\/\/spoldzielniastargard.pl\/wp-content\/uploads\/2010\/07\/Osiedle-Letnie-Powierzchnie-budynk\u00f3w.pdf\">Osiedle Letnie &#8211; Powierzchnie budynk\u00f3w<\/a><\/p>\n","protected":false},"excerpt":{"rendered":"<p>Zasoby Osiedla Letnie Ilo\u015b\u0107 budynk\u00f3w 19 Ilo\u015b\u0107 lokali u\u017cytkowych 2 Ilo\u015b\u0107 mieszka\u0144 602 Ilo\u015b\u0107 mieszka\u0144c\u00f3w 1 825 Powierzchnia mieszka\u0144 34 648,43 m2 Powierzchnia lokali u\u017cytkowych 1 899,41 m2 Osiedle Letnie &#8211; Powierzchnie budynk\u00f3w<\/p>\n","protected":false},"author":1,"featured_media":0,"parent":183,"menu_order":0,"comment_status":"closed","ping_status":"open","template":"","meta":{"footnotes":""},"class_list":["post-190","page","type-page","status-publish","hentry"],"_links":{"self":[{"href":"https:\/\/spoldzielniastargard.pl\/index.php?rest_route=\/wp\/v2\/pages\/190","targetHints":{"allow":["GET"]}}],"collection":[{"href":"https:\/\/spoldzielniastargard.pl\/index.php?rest_route=\/wp\/v2\/pages"}],"about":[{"href":"https:\/\/spoldzielniastargard.pl\/index.php?rest_route=\/wp\/v2\/types\/page"}],"author":[{"embeddable":true,"href":"https:\/\/spoldzielniastargard.pl\/index.php?rest_route=\/wp\/v2\/users\/1"}],"replies":[{"embeddable":true,"href":"https:\/\/spoldzielniastargard.pl\/index.php?rest_route=%2Fwp%2Fv2%2Fcomments&post=190"}],"version-history":[{"count":0,"href":"https:\/\/spoldzielniastargard.pl\/index.php?rest_route=\/wp\/v2\/pages\/190\/revisions"}],"up":[{"embeddable":true,"href":"https:\/\/spoldzielniastargard.pl\/index.php?rest_route=\/wp\/v2\/pages\/183"}],"wp:attachment":[{"href":"https:\/\/spoldzielniastargard.pl\/index.php?rest_route=%2Fwp%2Fv2%2Fmedia&parent=190"}],"curies":[{"name":"wp","href":"https:\/\/api.w.org\/{rel}","templated":true}]}}