{"id":168,"date":"2010-07-28T22:56:38","date_gmt":"2010-07-28T22:56:38","guid":{"rendered":"http:\/\/spoldzielniastargard.pl\/?page_id=168"},"modified":"2026-01-05T08:17:39","modified_gmt":"2026-01-05T07:17:39","slug":"os-kluczewo-lotnisko","status":"publish","type":"page","link":"https:\/\/spoldzielniastargard.pl\/?page_id=168","title":{"rendered":"Os. Kluczewo-Lotnisko"},"content":{"rendered":"<p><strong>Administracja osiedla Kluczewo-Lotnisko<\/strong><br \/>Administracja (91) 834 33 58<br \/>tel. kom. 608 463 434<br \/><strong><strong>poniedzia\u0142ek-pi\u0105tek w godz. <\/strong><strong>od 7<sup>00<\/sup> do 15<sup>00<\/sup><\/strong><\/strong><br \/><strong>Wa\u017cne numery telefon\u00f3w<\/strong><br \/>Pogotowie awaryjne (91) 573 43 51, kom. 509 339 639<br \/>(poza godzinami pracy Administracji)<\/p>\n<p><strong>Inne<br \/><\/strong>TV Vectra Infolinia 801 08 01 80, z tel. kom. 587 426 700<br \/>Pogotowie gazowe 992<br \/>Pogotowie cieplne 993<br \/>Pogotowie wodno-kanalizacyjne (91) 578 35 80<br \/>Stra\u017c Miejska 986<br \/>Policja 997 lub 112 z tel. kom.<br \/>Stra\u017c Po\u017carna 998<\/p>\n<ul>\n<li><strong>Plombowanie wodomierzy<\/strong><\/li>\n<\/ul>\n<p>Plombowanie wodomierzy po legalizacji, wymianie b\u0105d\u017a w sytuacji kiedy zerwana zostanie plomba nale\u017cy zg\u0142asza\u0107 osobi\u015bcie w odpowiedniej Administracji\u00a0 lub telefonicznie.<\/p>\n<ul>\n<li><strong>Sprz\u0105tanie <\/strong><\/li>\n<\/ul>\n<p><a href=\"https:\/\/spoldzielniastargard.pl\/wp-content\/uploads\/2026\/01\/OKL_HARMONOGRAM-SPRZATANIA.pdf\">OKL_HARMONOGRAM SPRZ\u0104TANIA<\/a><\/p>\n\n\n<p><\/p>\n","protected":false},"excerpt":{"rendered":"<p>Administracja osiedla Kluczewo-LotniskoAdministracja (91) 834 33 58tel. kom. 608 463 434poniedzia\u0142ek-pi\u0105tek w godz. od 700 do 1500Wa\u017cne numery telefon\u00f3wPogotowie awaryjne (91) 573 43 51, kom. 509 339 639(poza godzinami pracy Administracji) InneTV Vectra Infolinia 801 08 01 80, z tel. kom. 587 426 700Pogotowie gazowe 992Pogotowie cieplne 993Pogotowie wodno-kanalizacyjne (91) 578 35 80Stra\u017c Miejska 986Policja [&hellip;]<\/p>\n","protected":false},"author":1,"featured_media":0,"parent":151,"menu_order":0,"comment_status":"closed","ping_status":"open","template":"","meta":{"footnotes":""},"class_list":["post-168","page","type-page","status-publish","hentry"],"_links":{"self":[{"href":"https:\/\/spoldzielniastargard.pl\/index.php?rest_route=\/wp\/v2\/pages\/168","targetHints":{"allow":["GET"]}}],"collection":[{"href":"https:\/\/spoldzielniastargard.pl\/index.php?rest_route=\/wp\/v2\/pages"}],"about":[{"href":"https:\/\/spoldzielniastargard.pl\/index.php?rest_route=\/wp\/v2\/types\/page"}],"author":[{"embeddable":true,"href":"https:\/\/spoldzielniastargard.pl\/index.php?rest_route=\/wp\/v2\/users\/1"}],"replies":[{"embeddable":true,"href":"https:\/\/spoldzielniastargard.pl\/index.php?rest_route=%2Fwp%2Fv2%2Fcomments&post=168"}],"version-history":[{"count":14,"href":"https:\/\/spoldzielniastargard.pl\/index.php?rest_route=\/wp\/v2\/pages\/168\/revisions"}],"predecessor-version":[{"id":14766,"href":"https:\/\/spoldzielniastargard.pl\/index.php?rest_route=\/wp\/v2\/pages\/168\/revisions\/14766"}],"up":[{"embeddable":true,"href":"https:\/\/spoldzielniastargard.pl\/index.php?rest_route=\/wp\/v2\/pages\/151"}],"wp:attachment":[{"href":"https:\/\/spoldzielniastargard.pl\/index.php?rest_route=%2Fwp%2Fv2%2Fmedia&parent=168"}],"curies":[{"name":"wp","href":"https:\/\/api.w.org\/{rel}","templated":true}]}}