{"id":166,"date":"2010-07-28T22:56:06","date_gmt":"2010-07-28T22:56:06","guid":{"rendered":"http:\/\/spoldzielniastargard.pl\/?page_id=166"},"modified":"2010-10-01T09:46:13","modified_gmt":"2010-10-01T09:46:13","slug":"wyroznienia","status":"publish","type":"page","link":"https:\/\/spoldzielniastargard.pl\/?page_id=166","title":{"rendered":"Wyr\u00f3\u017cnienia"},"content":{"rendered":"<p><strong>OS. CHOPINA &#8211; NAGRODY I WYR\u00d3\u017bNIENIA<\/strong><\/p>\n\n\t\t<style type=\"text\/css\">\n\t\t\t#gallery-1 {\n\t\t\t\tmargin: auto;\n\t\t\t}\n\t\t\t#gallery-1 .gallery-item {\n\t\t\t\tfloat: left;\n\t\t\t\tmargin-top: 10px;\n\t\t\t\ttext-align: center;\n\t\t\t\twidth: 50%;\n\t\t\t}\n\t\t\t#gallery-1 img {\n\t\t\t\tborder: 2px solid #cfcfcf;\n\t\t\t}\n\t\t\t#gallery-1 .gallery-caption {\n\t\t\t\tmargin-left: 0;\n\t\t\t}\n\t\t\t\/* see gallery_shortcode() in wp-includes\/media.php *\/\n\t\t<\/style>\n\t\t<div id='gallery-1' class='gallery galleryid-166 gallery-columns-2 gallery-size-thumbnail'><dl class='gallery-item'>\n\t\t\t<dt class='gallery-icon portrait'>\n\t\t\t\t<a href='https:\/\/spoldzielniastargard.pl\/?attachment_id=933'><img loading=\"lazy\" decoding=\"async\" width=\"150\" height=\"150\" src=\"https:\/\/spoldzielniastargard.pl\/wp-content\/uploads\/2010\/07\/dyplom-I-150x150.jpg\" class=\"attachment-thumbnail size-thumbnail\" alt=\"\" \/><\/a>\n\t\t\t<\/dt><\/dl><dl class='gallery-item'>\n\t\t\t<dt class='gallery-icon portrait'>\n\t\t\t\t<a href='https:\/\/spoldzielniastargard.pl\/?attachment_id=934'><img loading=\"lazy\" decoding=\"async\" width=\"150\" height=\"150\" src=\"https:\/\/spoldzielniastargard.pl\/wp-content\/uploads\/2010\/07\/dyplom-II-150x150.jpg\" class=\"attachment-thumbnail size-thumbnail\" alt=\"\" \/><\/a>\n\t\t\t<\/dt><\/dl><br style=\"clear: both\" \/><dl class='gallery-item'>\n\t\t\t<dt class='gallery-icon portrait'>\n\t\t\t\t<a href='https:\/\/spoldzielniastargard.pl\/?attachment_id=1172'><img loading=\"lazy\" decoding=\"async\" width=\"150\" height=\"150\" src=\"https:\/\/spoldzielniastargard.pl\/wp-content\/uploads\/2010\/07\/ogrody-wok\u00f3\u0142-nas-150x150.jpg\" class=\"attachment-thumbnail size-thumbnail\" alt=\"\" \/><\/a>\n\t\t\t<\/dt><\/dl><dl class='gallery-item'>\n\t\t\t<dt class='gallery-icon portrait'>\n\t\t\t\t<a href='https:\/\/spoldzielniastargard.pl\/?attachment_id=1173'><img loading=\"lazy\" decoding=\"async\" width=\"150\" height=\"150\" src=\"https:\/\/spoldzielniastargard.pl\/wp-content\/uploads\/2010\/07\/nagroda-150x150.jpg\" class=\"attachment-thumbnail size-thumbnail\" alt=\"\" \/><\/a>\n\t\t\t<\/dt><\/dl><br style=\"clear: both\" \/>\n\t\t<\/div>\n\n<p><strong>Wrzesie\u0144 2010 r<\/strong>.<br \/>\nPodzi\u0119kowanie za uczestnictwo w IX\u00a0 edycji Konkursu Prezydenta Miasta Stargard Szczeci\u0144ski \u201eOgrody wok\u00f3\u0142 nas\u201d za zagospodarowanie terenu wok\u00f3\u0142 budynk\u00f3w mieszkalnych na obszarze Osiedla Chopina w Stargardzie Szczeci\u0144skim.<\/p>\n<p><strong>Pa\u017adziernik 2006 r<\/strong>.<br \/>\nwyr\u00f3\u017cnienie w V edycji Konkursu Prezydenta Miasta Stargard Szczeci\u0144ski &#8222;Ogrody wok\u00f3\u0142 nas&#8221; za zagospodarowanie terenu wok\u00f3\u0142 budynku mieszkalnego wielorodzinnego przy ul. Wieniawskiego 20ABC<\/p>\n<p><strong>Pa\u017adziernik 2005 r<\/strong>.<br \/>\nII miejsce w Konkursie Prezydenta Miasta Stargard Szczeci\u0144ski &#8222;Ogrody wok\u00f3\u0142 nas&#8221; za zagospodarowanie terenu wok\u00f3\u0142 budynku mieszkalnego wielorodzinnego przy ul. Chopina 52<\/p>\n","protected":false},"excerpt":{"rendered":"<p>OS. CHOPINA &#8211; NAGRODY I WYR\u00d3\u017bNIENIA Wrzesie\u0144 2010 r. Podzi\u0119kowanie za uczestnictwo w IX\u00a0 edycji Konkursu Prezydenta Miasta Stargard Szczeci\u0144ski \u201eOgrody wok\u00f3\u0142 nas\u201d za zagospodarowanie terenu wok\u00f3\u0142 budynk\u00f3w mieszkalnych na obszarze Osiedla Chopina w Stargardzie Szczeci\u0144skim. Pa\u017adziernik 2006 r. wyr\u00f3\u017cnienie w V edycji Konkursu Prezydenta Miasta Stargard Szczeci\u0144ski &#8222;Ogrody wok\u00f3\u0142 nas&#8221; za zagospodarowanie terenu wok\u00f3\u0142 [&hellip;]<\/p>\n","protected":false},"author":1,"featured_media":0,"parent":154,"menu_order":0,"comment_status":"closed","ping_status":"closed","template":"","meta":{"footnotes":""},"class_list":["post-166","page","type-page","status-publish","hentry"],"_links":{"self":[{"href":"https:\/\/spoldzielniastargard.pl\/index.php?rest_route=\/wp\/v2\/pages\/166","targetHints":{"allow":["GET"]}}],"collection":[{"href":"https:\/\/spoldzielniastargard.pl\/index.php?rest_route=\/wp\/v2\/pages"}],"about":[{"href":"https:\/\/spoldzielniastargard.pl\/index.php?rest_route=\/wp\/v2\/types\/page"}],"author":[{"embeddable":true,"href":"https:\/\/spoldzielniastargard.pl\/index.php?rest_route=\/wp\/v2\/users\/1"}],"replies":[{"embeddable":true,"href":"https:\/\/spoldzielniastargard.pl\/index.php?rest_route=%2Fwp%2Fv2%2Fcomments&post=166"}],"version-history":[{"count":0,"href":"https:\/\/spoldzielniastargard.pl\/index.php?rest_route=\/wp\/v2\/pages\/166\/revisions"}],"up":[{"embeddable":true,"href":"https:\/\/spoldzielniastargard.pl\/index.php?rest_route=\/wp\/v2\/pages\/154"}],"wp:attachment":[{"href":"https:\/\/spoldzielniastargard.pl\/index.php?rest_route=%2Fwp%2Fv2%2Fmedia&parent=166"}],"curies":[{"name":"wp","href":"https:\/\/api.w.org\/{rel}","templated":true}]}}