{"id":12657,"date":"2019-08-13T08:11:23","date_gmt":"2019-08-13T07:11:23","guid":{"rendered":"http:\/\/spoldzielniastargard.pl\/?page_id=12657"},"modified":"2019-08-13T08:12:15","modified_gmt":"2019-08-13T07:12:15","slug":"numery-rachunkow-bankowych","status":"publish","type":"page","link":"https:\/\/spoldzielniastargard.pl\/?page_id=12657","title":{"rendered":"NUMERY RACHUNK\u00d3W BANKOWYCH"},"content":{"rendered":"<p><strong>Podstawowy&nbsp; <\/strong><\/p>\n<p>PKO BP SA Oddzia\u0142 2 Szczecin<\/p>\n<p>75 1020 4867 0000 1702 0004 1814<\/p>\n<p><strong>dot. wk\u0142ad\u00f3w mieszkaniowych, <\/strong><\/p>\n<p><strong>wp\u0142at z tyt. sp\u0142aty kredytu i odsetek wg normatywu<\/strong><\/p>\n<p>PKO BP SA Oddzia\u0142 2 Szczecin<\/p>\n<p>33 1020 4867 0000 1102 0007 2934<\/p>\n<p><strong>dla op\u0142at eksploatacyjnych za lokal mieszkalny<\/strong><\/p>\n<p>PKO BP SA Oddzia\u0142 2 Szczecin<\/p>\n<p>xx 1020 4867 1204 7207 9xxx xxxx<\/p>\n<p>ka\u017cdy lokator posiada indywidualny rachunek bankowy wykazany<\/p>\n<p>w ksi\u0105\u017ceczkach z tyt. op\u0142at eksploatacyjnych, szczeg\u00f3\u0142owe informacje mo\u017cna<\/p>\n<p>uzyska\u0107 w Dziale Finansowym tel. 91&nbsp;834 34 84 wew. 746, 747, 748, 732<\/p>\n<p><strong>dla op\u0142at za gara\u017c<\/strong><\/p>\n<p>PKO BP SA Oddzia\u0142 2 Szczecin<\/p>\n<p>xx 1020 4867 1204 7207 9xxx xxxx<\/p>\n<p>ka\u017cdy lokator posiada indywidualny rachunek bankowy<\/p>\n<p>z tyt. op\u0142at za gara\u017c, szczeg\u00f3\u0142owe informacje mo\u017cna<\/p>\n<p>uzyska\u0107 w Dziale Finansowym tel. 91&nbsp;834 34 84 wew. 746, 747, 748, 732<\/p>\n<p><strong>dla op\u0142at eksploatacyjnych za lokal u\u017cytkowy<\/strong><\/p>\n<p>PKO BP SA Oddzia\u0142 2 Szczecin<\/p>\n<p>xx 1020 4867 1204 7207 9xxx xxxx<\/p>\n<p>ka\u017cdy w\u0142a\u015bciciel i najemca lokalu posiada indywidualny rachunek bankowy wykazany<\/p>\n<p>na fakturze z tytu\u0142u op\u0142at za lokal, szczeg\u00f3\u0142owe informacje mo\u017cna<\/p>\n<p>uzyska\u0107 w Dziale Finansowym tel. 91&nbsp;834 34 84 wew. 746, 747, 748, 732<\/p>\n","protected":false},"excerpt":{"rendered":"<p>Podstawowy&nbsp; PKO BP SA Oddzia\u0142 2 Szczecin 75 1020 4867 0000 1702 0004 1814 dot. wk\u0142ad\u00f3w mieszkaniowych, wp\u0142at z tyt. sp\u0142aty kredytu i odsetek wg normatywu PKO BP SA Oddzia\u0142 2 Szczecin 33 1020 4867 0000 1102 0007 2934 dla op\u0142at eksploatacyjnych za lokal mieszkalny PKO BP SA Oddzia\u0142 2 Szczecin xx 1020 4867 1204 [&hellip;]<\/p>\n","protected":false},"author":1,"featured_media":0,"parent":0,"menu_order":0,"comment_status":"closed","ping_status":"closed","template":"","meta":{"footnotes":""},"class_list":["post-12657","page","type-page","status-publish","hentry"],"_links":{"self":[{"href":"https:\/\/spoldzielniastargard.pl\/index.php?rest_route=\/wp\/v2\/pages\/12657","targetHints":{"allow":["GET"]}}],"collection":[{"href":"https:\/\/spoldzielniastargard.pl\/index.php?rest_route=\/wp\/v2\/pages"}],"about":[{"href":"https:\/\/spoldzielniastargard.pl\/index.php?rest_route=\/wp\/v2\/types\/page"}],"author":[{"embeddable":true,"href":"https:\/\/spoldzielniastargard.pl\/index.php?rest_route=\/wp\/v2\/users\/1"}],"replies":[{"embeddable":true,"href":"https:\/\/spoldzielniastargard.pl\/index.php?rest_route=%2Fwp%2Fv2%2Fcomments&post=12657"}],"version-history":[{"count":2,"href":"https:\/\/spoldzielniastargard.pl\/index.php?rest_route=\/wp\/v2\/pages\/12657\/revisions"}],"predecessor-version":[{"id":12659,"href":"https:\/\/spoldzielniastargard.pl\/index.php?rest_route=\/wp\/v2\/pages\/12657\/revisions\/12659"}],"wp:attachment":[{"href":"https:\/\/spoldzielniastargard.pl\/index.php?rest_route=%2Fwp%2Fv2%2Fmedia&parent=12657"}],"curies":[{"name":"wp","href":"https:\/\/api.w.org\/{rel}","templated":true}]}}